{"id":355,"date":"2022-02-21T15:48:28","date_gmt":"2022-02-21T14:48:28","guid":{"rendered":"http:\/\/www.kdanse-broceliande.fr\/?page_id=355"},"modified":"2025-07-05T18:05:02","modified_gmt":"2025-07-05T16:05:02","slug":"355-2","status":"publish","type":"page","link":"https:\/\/www.kdanse-broceliande.fr\/index.php\/355-2\/","title":{"rendered":"Notre \u00e9quipe"},"content":{"rendered":"\t\t<div data-elementor-type=\"wp-page\" data-elementor-id=\"355\" class=\"elementor elementor-355\" data-elementor-post-type=\"page\">\n\t\t\t\t\t\t\t\t\t<section class=\"elementor-section elementor-top-section elementor-element elementor-element-7275e22 elementor-section-boxed elementor-section-height-default elementor-section-height-default\" data-id=\"7275e22\" data-element_type=\"section\">\n\t\t\t\t\t\t<div class=\"elementor-container elementor-column-gap-default\">\n\t\t\t\t\t<div class=\"elementor-column elementor-col-100 elementor-top-column elementor-element elementor-element-db9eeb5\" data-id=\"db9eeb5\" data-element_type=\"column\">\n\t\t\t<div class=\"elementor-widget-wrap\">\n\t\t\t\t\t\t\t\t\t<\/div>\n\t\t<\/div>\n\t\t\t\t\t\t\t<\/div>\n\t\t<\/section>\n\t\t\t\t<section class=\"elementor-section elementor-top-section elementor-element elementor-element-8c96cc0 elementor-section-stretched elementor-section-boxed elementor-section-height-default elementor-section-height-default\" data-id=\"8c96cc0\" data-element_type=\"section\" data-settings=\"{&quot;stretch_section&quot;:&quot;section-stretched&quot;}\">\n\t\t\t\t\t\t<div class=\"elementor-container elementor-column-gap-default\">\n\t\t\t\t\t<div class=\"elementor-column elementor-col-100 elementor-top-column elementor-element elementor-element-b921c0d\" data-id=\"b921c0d\" data-element_type=\"column\">\n\t\t\t<div class=\"elementor-widget-wrap elementor-element-populated\">\n\t\t\t\t\t\t\t\t<div class=\"elementor-element elementor-element-32800bb elementor-widget elementor-widget-heading\" data-id=\"32800bb\" data-element_type=\"widget\" data-widget_type=\"heading.default\">\n\t\t\t\t<div class=\"elementor-widget-container\">\n\t\t\t<style>\/*! elementor - v3.15.0 - 20-08-2023 *\/\n.elementor-heading-title{padding:0;margin:0;line-height:1}.elementor-widget-heading .elementor-heading-title[class*=elementor-size-]>a{color:inherit;font-size:inherit;line-height:inherit}.elementor-widget-heading .elementor-heading-title.elementor-size-small{font-size:15px}.elementor-widget-heading .elementor-heading-title.elementor-size-medium{font-size:19px}.elementor-widget-heading .elementor-heading-title.elementor-size-large{font-size:29px}.elementor-widget-heading .elementor-heading-title.elementor-size-xl{font-size:39px}.elementor-widget-heading .elementor-heading-title.elementor-size-xxl{font-size:59px}<\/style><h2 class=\"elementor-heading-title elementor-size-default\">Le bureau 2024\/2026: <\/h2>\t\t<\/div>\n\t\t\t\t<\/div>\n\t\t\t\t\t<\/div>\n\t\t<\/div>\n\t\t\t\t\t\t\t<\/div>\n\t\t<\/section>\n\t\t\t\t<section class=\"elementor-section elementor-top-section elementor-element elementor-element-74cd257 elementor-section-boxed elementor-section-height-default elementor-section-height-default\" data-id=\"74cd257\" data-element_type=\"section\">\n\t\t\t\t\t\t<div class=\"elementor-container elementor-column-gap-default\">\n\t\t\t\t\t<div class=\"elementor-column elementor-col-100 elementor-top-column elementor-element elementor-element-a8b5c2d\" data-id=\"a8b5c2d\" data-element_type=\"column\">\n\t\t\t<div class=\"elementor-widget-wrap elementor-element-populated\">\n\t\t\t\t\t\t\t\t<div class=\"elementor-element elementor-element-b11d54a elementor-widget elementor-widget-text-editor\" data-id=\"b11d54a\" data-element_type=\"widget\" data-widget_type=\"text-editor.default\">\n\t\t\t\t<div class=\"elementor-widget-container\">\n\t\t\t<style>\/*! elementor - v3.15.0 - 20-08-2023 *\/\n.elementor-widget-text-editor.elementor-drop-cap-view-stacked .elementor-drop-cap{background-color:#69727d;color:#fff}.elementor-widget-text-editor.elementor-drop-cap-view-framed .elementor-drop-cap{color:#69727d;border:3px solid;background-color:transparent}.elementor-widget-text-editor:not(.elementor-drop-cap-view-default) .elementor-drop-cap{margin-top:8px}.elementor-widget-text-editor:not(.elementor-drop-cap-view-default) .elementor-drop-cap-letter{width:1em;height:1em}.elementor-widget-text-editor .elementor-drop-cap{float:left;text-align:center;line-height:1;font-size:50px}.elementor-widget-text-editor .elementor-drop-cap-letter{display:inline-block}<\/style>\t\t\t\t<p style=\"text-align: center;\"><strong>A l&rsquo;issue de l&rsquo;assembl\u00e9e g\u00e9n\u00e9rale qui s&rsquo;est d\u00e9roul\u00e9e le 2 juillet 2025 et \u00e0 la modification des statuts r\u00e9alis\u00e9e l&rsquo;an pass\u00e9. <\/strong><\/p><p style=\"text-align: center;\"><strong>Le bureau ainsi que les membres du Comit\u00e9 d&rsquo;Administration restent inchang\u00e9s .<\/strong><\/p><p style=\"text-align: center;\"><strong>Voici donc la composition pour la saison\u00a0 2025\/2026<\/strong><\/p>\t\t\t\t\t\t<\/div>\n\t\t\t\t<\/div>\n\t\t\t\t\t<\/div>\n\t\t<\/div>\n\t\t\t\t\t\t\t<\/div>\n\t\t<\/section>\n\t\t\t\t<section class=\"elementor-section elementor-top-section elementor-element elementor-element-9c3753b elementor-section-boxed elementor-section-height-default elementor-section-height-default\" data-id=\"9c3753b\" data-element_type=\"section\">\n\t\t\t\t\t\t<div class=\"elementor-container elementor-column-gap-default\">\n\t\t\t\t\t<div class=\"elementor-column elementor-col-100 elementor-top-column elementor-element elementor-element-dd65858\" data-id=\"dd65858\" data-element_type=\"column\">\n\t\t\t<div class=\"elementor-widget-wrap elementor-element-populated\">\n\t\t\t\t\t\t\t\t<div class=\"elementor-element elementor-element-797c180 elementor-widget elementor-widget-spacer\" data-id=\"797c180\" data-element_type=\"widget\" data-widget_type=\"spacer.default\">\n\t\t\t\t<div class=\"elementor-widget-container\">\n\t\t\t<style>\/*! elementor - v3.15.0 - 20-08-2023 *\/\n.elementor-column .elementor-spacer-inner{height:var(--spacer-size)}.e-con{--container-widget-width:100%}.e-con-inner>.elementor-widget-spacer,.e-con>.elementor-widget-spacer{width:var(--container-widget-width,var(--spacer-size));--align-self:var(--container-widget-align-self,initial);--flex-shrink:0}.e-con-inner>.elementor-widget-spacer>.elementor-widget-container,.e-con-inner>.elementor-widget-spacer>.elementor-widget-container>.elementor-spacer,.e-con>.elementor-widget-spacer>.elementor-widget-container,.e-con>.elementor-widget-spacer>.elementor-widget-container>.elementor-spacer{height:100%}.e-con-inner>.elementor-widget-spacer>.elementor-widget-container>.elementor-spacer>.elementor-spacer-inner,.e-con>.elementor-widget-spacer>.elementor-widget-container>.elementor-spacer>.elementor-spacer-inner{height:var(--container-widget-height,var(--spacer-size))}<\/style>\t\t<div class=\"elementor-spacer\">\n\t\t\t<div class=\"elementor-spacer-inner\"><\/div>\n\t\t<\/div>\n\t\t\t\t<\/div>\n\t\t\t\t<\/div>\n\t\t\t\t\t<\/div>\n\t\t<\/div>\n\t\t\t\t\t\t\t<\/div>\n\t\t<\/section>\n\t\t\t\t<section class=\"elementor-section elementor-top-section elementor-element elementor-element-3580713 elementor-section-stretched elementor-section-boxed elementor-section-height-default elementor-section-height-default\" data-id=\"3580713\" data-element_type=\"section\" data-settings=\"{&quot;stretch_section&quot;:&quot;section-stretched&quot;}\">\n\t\t\t\t\t\t<div class=\"elementor-container elementor-column-gap-default\">\n\t\t\t\t\t<div class=\"elementor-column elementor-col-100 elementor-top-column elementor-element elementor-element-69e9f47\" data-id=\"69e9f47\" data-element_type=\"column\">\n\t\t\t<div class=\"elementor-widget-wrap elementor-element-populated\">\n\t\t\t\t\t\t\t\t<div class=\"elementor-element elementor-element-1d05c3d elementor-widget elementor-widget-text-editor\" data-id=\"1d05c3d\" data-element_type=\"widget\" data-widget_type=\"text-editor.default\">\n\t\t\t\t<div class=\"elementor-widget-container\">\n\t\t\t\t\t\t\t<p><strong>PRESIDENTE<\/strong>:\u00a0 \u00a0 \u00a0 \u00a0 \u00a0 \u00a0 \u00a0 \u00a0 \u00a0 \u00a0 \u00a0 \u00a0 \u00a0 \u00a0 Lucie Colin<\/p><p><strong>VICE-PRESIDENT<\/strong>:\u00a0 \u00a0 \u00a0 \u00a0 \u00a0 \u00a0 \u00a0 \u00a0 \u00a0 \u00a0 Francis Gauthier<\/p><p><strong>SECRETAIRE<\/strong>:\u00a0 \u00a0 \u00a0 \u00a0 \u00a0 \u00a0 \u00a0 \u00a0 \u00a0 \u00a0 \u00a0 \u00a0 \u00a0 \u00a0 Magali Vorin\u00a0<\/p><p><strong>SECRETAIRE-ADJOINT:<\/strong>\u00a0 \u00a0 \u00a0 \u00a0 \u00a0 \u00a0Mathieu Lenen<\/p><p><strong>TRESORIERE<\/strong>:\u00a0 \u00a0 \u00a0 \u00a0 \u00a0 \u00a0 \u00a0 \u00a0 \u00a0 \u00a0 \u00a0 \u00a0 \u00a0 \u00a0 Huong Nguyen<\/p><p><strong>EVENEMENTIEL\/Com.Man :\u00a0<\/strong> \u00a0 Nadia Rouault<\/p>\t\t\t\t\t\t<\/div>\n\t\t\t\t<\/div>\n\t\t\t\t\t<\/div>\n\t\t<\/div>\n\t\t\t\t\t\t\t<\/div>\n\t\t<\/section>\n\t\t\t\t<section class=\"elementor-section elementor-top-section elementor-element elementor-element-d02ae65 elementor-section-boxed elementor-section-height-default elementor-section-height-default\" data-id=\"d02ae65\" data-element_type=\"section\">\n\t\t\t\t\t\t<div class=\"elementor-container elementor-column-gap-default\">\n\t\t\t\t\t<div class=\"elementor-column elementor-col-100 elementor-top-column elementor-element elementor-element-f60e6ac\" data-id=\"f60e6ac\" data-element_type=\"column\">\n\t\t\t<div class=\"elementor-widget-wrap elementor-element-populated\">\n\t\t\t\t\t\t\t\t<div class=\"elementor-element elementor-element-44ddbae elementor-widget elementor-widget-image\" data-id=\"44ddbae\" data-element_type=\"widget\" data-widget_type=\"image.default\">\n\t\t\t\t<div class=\"elementor-widget-container\">\n\t\t\t<style>\/*! elementor - v3.15.0 - 20-08-2023 *\/\n.elementor-widget-image{text-align:center}.elementor-widget-image a{display:inline-block}.elementor-widget-image a img[src$=\".svg\"]{width:48px}.elementor-widget-image img{vertical-align:middle;display:inline-block}<\/style>\t\t\t\t\t\t\t\t\t\t\t\t<img loading=\"lazy\" decoding=\"async\" width=\"750\" height=\"422\" src=\"https:\/\/www.kdanse-broceliande.fr\/wp-content\/uploads\/2024\/07\/Bureau-20242026-1024x576.jpg\" class=\"attachment-large size-large wp-image-2907\" alt=\"\" srcset=\"https:\/\/www.kdanse-broceliande.fr\/wp-content\/uploads\/2024\/07\/Bureau-20242026-1024x576.jpg 1024w, https:\/\/www.kdanse-broceliande.fr\/wp-content\/uploads\/2024\/07\/Bureau-20242026-300x169.jpg 300w, https:\/\/www.kdanse-broceliande.fr\/wp-content\/uploads\/2024\/07\/Bureau-20242026-768x432.jpg 768w, https:\/\/www.kdanse-broceliande.fr\/wp-content\/uploads\/2024\/07\/Bureau-20242026.jpg 1366w\" sizes=\"(max-width: 750px) 100vw, 750px\" style=\"width:100%;height:56.22%;max-width:1366px\" \/>\t\t\t\t\t\t\t\t\t\t\t\t\t\t\t<\/div>\n\t\t\t\t<\/div>\n\t\t\t\t\t<\/div>\n\t\t<\/div>\n\t\t\t\t\t\t\t<\/div>\n\t\t<\/section>\n\t\t\t\t<section class=\"elementor-section elementor-top-section elementor-element elementor-element-aa260f0 elementor-section-boxed elementor-section-height-default elementor-section-height-default\" data-id=\"aa260f0\" data-element_type=\"section\">\n\t\t\t\t\t\t<div class=\"elementor-container elementor-column-gap-default\">\n\t\t\t\t\t<div class=\"elementor-column elementor-col-100 elementor-top-column elementor-element elementor-element-b59e7da\" data-id=\"b59e7da\" data-element_type=\"column\">\n\t\t\t<div class=\"elementor-widget-wrap elementor-element-populated\">\n\t\t\t\t\t\t\t\t<div class=\"elementor-element elementor-element-bcba3b9 elementor-widget-divider--view-line elementor-widget elementor-widget-divider\" data-id=\"bcba3b9\" data-element_type=\"widget\" data-widget_type=\"divider.default\">\n\t\t\t\t<div class=\"elementor-widget-container\">\n\t\t\t<style>\/*! elementor - v3.15.0 - 20-08-2023 *\/\n.elementor-widget-divider{--divider-border-style:none;--divider-border-width:1px;--divider-color:#0c0d0e;--divider-icon-size:20px;--divider-element-spacing:10px;--divider-pattern-height:24px;--divider-pattern-size:20px;--divider-pattern-url:none;--divider-pattern-repeat:repeat-x}.elementor-widget-divider .elementor-divider{display:flex}.elementor-widget-divider .elementor-divider__text{font-size:15px;line-height:1;max-width:95%}.elementor-widget-divider .elementor-divider__element{margin:0 var(--divider-element-spacing);flex-shrink:0}.elementor-widget-divider .elementor-icon{font-size:var(--divider-icon-size)}.elementor-widget-divider .elementor-divider-separator{display:flex;margin:0;direction:ltr}.elementor-widget-divider--view-line_icon .elementor-divider-separator,.elementor-widget-divider--view-line_text .elementor-divider-separator{align-items:center}.elementor-widget-divider--view-line_icon .elementor-divider-separator:after,.elementor-widget-divider--view-line_icon .elementor-divider-separator:before,.elementor-widget-divider--view-line_text .elementor-divider-separator:after,.elementor-widget-divider--view-line_text .elementor-divider-separator:before{display:block;content:\"\";border-bottom:0;flex-grow:1;border-top:var(--divider-border-width) var(--divider-border-style) var(--divider-color)}.elementor-widget-divider--element-align-left .elementor-divider .elementor-divider-separator>.elementor-divider__svg:first-of-type{flex-grow:0;flex-shrink:100}.elementor-widget-divider--element-align-left .elementor-divider-separator:before{content:none}.elementor-widget-divider--element-align-left .elementor-divider__element{margin-left:0}.elementor-widget-divider--element-align-right .elementor-divider .elementor-divider-separator>.elementor-divider__svg:last-of-type{flex-grow:0;flex-shrink:100}.elementor-widget-divider--element-align-right .elementor-divider-separator:after{content:none}.elementor-widget-divider--element-align-right .elementor-divider__element{margin-right:0}.elementor-widget-divider:not(.elementor-widget-divider--view-line_text):not(.elementor-widget-divider--view-line_icon) .elementor-divider-separator{border-top:var(--divider-border-width) var(--divider-border-style) var(--divider-color)}.elementor-widget-divider--separator-type-pattern{--divider-border-style:none}.elementor-widget-divider--separator-type-pattern.elementor-widget-divider--view-line .elementor-divider-separator,.elementor-widget-divider--separator-type-pattern:not(.elementor-widget-divider--view-line) .elementor-divider-separator:after,.elementor-widget-divider--separator-type-pattern:not(.elementor-widget-divider--view-line) .elementor-divider-separator:before,.elementor-widget-divider--separator-type-pattern:not([class*=elementor-widget-divider--view]) .elementor-divider-separator{width:100%;min-height:var(--divider-pattern-height);-webkit-mask-size:var(--divider-pattern-size) 100%;mask-size:var(--divider-pattern-size) 100%;-webkit-mask-repeat:var(--divider-pattern-repeat);mask-repeat:var(--divider-pattern-repeat);background-color:var(--divider-color);-webkit-mask-image:var(--divider-pattern-url);mask-image:var(--divider-pattern-url)}.elementor-widget-divider--no-spacing{--divider-pattern-size:auto}.elementor-widget-divider--bg-round{--divider-pattern-repeat:round}.rtl .elementor-widget-divider .elementor-divider__text{direction:rtl}.e-con-inner>.elementor-widget-divider,.e-con>.elementor-widget-divider{width:var(--container-widget-width,100%);--flex-grow:var(--container-widget-flex-grow)}<\/style>\t\t<div class=\"elementor-divider\">\n\t\t\t<span class=\"elementor-divider-separator\">\n\t\t\t\t\t\t<\/span>\n\t\t<\/div>\n\t\t\t\t<\/div>\n\t\t\t\t<\/div>\n\t\t\t\t\t<\/div>\n\t\t<\/div>\n\t\t\t\t\t\t\t<\/div>\n\t\t<\/section>\n\t\t\t\t\t\t\t<\/div>\n\t\t","protected":false},"excerpt":{"rendered":"<p>Le bureau 2024\/2026: A l&rsquo;issue de l&rsquo;assembl\u00e9e g\u00e9n\u00e9rale qui s&rsquo;est d\u00e9roul\u00e9e le 2 juillet 2025 et \u00e0 la modification des statuts r\u00e9alis\u00e9e l&rsquo;an pass\u00e9. Le bureau ainsi que les membres du Comit\u00e9 d&rsquo;Administration restent inchang\u00e9s . Voici donc la composition pour la saison\u00a0 2025\/2026 PRESIDENTE:\u00a0 \u00a0 \u00a0 \u00a0 \u00a0 \u00a0 \u00a0 \u00a0 \u00a0 \u00a0 \u00a0&hellip; <a class=\"more-link\" href=\"https:\/\/www.kdanse-broceliande.fr\/index.php\/355-2\/\">Poursuivre la lecture <span class=\"screen-reader-text\">Notre \u00e9quipe<\/span><\/a><\/p>\n","protected":false},"author":1,"featured_media":0,"parent":0,"menu_order":0,"comment_status":"closed","ping_status":"closed","template":"","meta":{"footnotes":""},"yoast_head":"<!-- This site is optimized with the Yoast SEO plugin v21.0 - https:\/\/yoast.com\/wordpress\/plugins\/seo\/ -->\n<title>Notre \u00e9quipe - Kdanse Broc\u00e9liande<\/title>\n<meta name=\"robots\" content=\"index, follow, max-snippet:-1, max-image-preview:large, max-video-preview:-1\" \/>\n<link rel=\"canonical\" href=\"http:\/\/www.kdanse-broceliande.fr\/index.php\/355-2\/\" \/>\n<meta property=\"og:locale\" content=\"fr_FR\" \/>\n<meta property=\"og:type\" content=\"article\" \/>\n<meta property=\"og:title\" content=\"Notre \u00e9quipe - Kdanse Broc\u00e9liande\" \/>\n<meta property=\"og:description\" content=\"Le bureau 2024\/2026: A l&rsquo;issue de l&rsquo;assembl\u00e9e g\u00e9n\u00e9rale qui s&rsquo;est d\u00e9roul\u00e9e le 2 juillet 2025 et \u00e0 la modification des statuts r\u00e9alis\u00e9e l&rsquo;an pass\u00e9. Le bureau ainsi que les membres du Comit\u00e9 d&rsquo;Administration restent inchang\u00e9s . Voici donc la composition pour la saison\u00a0 2025\/2026 PRESIDENTE:\u00a0 \u00a0 \u00a0 \u00a0 \u00a0 \u00a0 \u00a0 \u00a0 \u00a0 \u00a0 \u00a0&hellip; Poursuivre la lecture Notre \u00e9quipe\" \/>\n<meta property=\"og:url\" content=\"http:\/\/www.kdanse-broceliande.fr\/index.php\/355-2\/\" \/>\n<meta property=\"og:site_name\" content=\"Kdanse Broc\u00e9liande\" \/>\n<meta property=\"article:publisher\" content=\"https:\/\/www.facebook.com\/kdanse.montfort.5\" \/>\n<meta property=\"article:modified_time\" content=\"2025-07-05T16:05:02+00:00\" \/>\n<meta property=\"og:image\" content=\"http:\/\/www.kdanse-broceliande.fr\/wp-content\/uploads\/2024\/07\/Bureau-20242026-1024x576.jpg\" \/>\n<meta name=\"twitter:card\" content=\"summary_large_image\" \/>\n<meta name=\"twitter:label1\" content=\"Dur\u00e9e de lecture estim\u00e9e\" \/>\n\t<meta name=\"twitter:data1\" content=\"2 minutes\" \/>\n<script type=\"application\/ld+json\" class=\"yoast-schema-graph\">{\"@context\":\"https:\/\/schema.org\",\"@graph\":[{\"@type\":\"WebPage\",\"@id\":\"http:\/\/www.kdanse-broceliande.fr\/index.php\/355-2\/\",\"url\":\"http:\/\/www.kdanse-broceliande.fr\/index.php\/355-2\/\",\"name\":\"Notre \u00e9quipe - Kdanse Broc\u00e9liande\",\"isPartOf\":{\"@id\":\"http:\/\/www.kdanse-broceliande.fr\/#website\"},\"datePublished\":\"2022-02-21T14:48:28+00:00\",\"dateModified\":\"2025-07-05T16:05:02+00:00\",\"breadcrumb\":{\"@id\":\"http:\/\/www.kdanse-broceliande.fr\/index.php\/355-2\/#breadcrumb\"},\"inLanguage\":\"fr-FR\",\"potentialAction\":[{\"@type\":\"ReadAction\",\"target\":[\"http:\/\/www.kdanse-broceliande.fr\/index.php\/355-2\/\"]}]},{\"@type\":\"BreadcrumbList\",\"@id\":\"http:\/\/www.kdanse-broceliande.fr\/index.php\/355-2\/#breadcrumb\",\"itemListElement\":[{\"@type\":\"ListItem\",\"position\":1,\"name\":\"Accueil\",\"item\":\"https:\/\/www.kdanse-broceliande.fr\/\"},{\"@type\":\"ListItem\",\"position\":2,\"name\":\"Notre \u00e9quipe\"}]},{\"@type\":\"WebSite\",\"@id\":\"http:\/\/www.kdanse-broceliande.fr\/#website\",\"url\":\"http:\/\/www.kdanse-broceliande.fr\/\",\"name\":\"Kdanse Broc\u00e9liande\",\"description\":\"Association de danse de Montfort-sur-Meu\",\"publisher\":{\"@id\":\"http:\/\/www.kdanse-broceliande.fr\/#organization\"},\"potentialAction\":[{\"@type\":\"SearchAction\",\"target\":{\"@type\":\"EntryPoint\",\"urlTemplate\":\"http:\/\/www.kdanse-broceliande.fr\/?s={search_term_string}\"},\"query-input\":\"required name=search_term_string\"}],\"inLanguage\":\"fr-FR\"},{\"@type\":\"Organization\",\"@id\":\"http:\/\/www.kdanse-broceliande.fr\/#organization\",\"name\":\"Kdanse Broc\u00e9liande\",\"url\":\"http:\/\/www.kdanse-broceliande.fr\/\",\"logo\":{\"@type\":\"ImageObject\",\"inLanguage\":\"fr-FR\",\"@id\":\"http:\/\/www.kdanse-broceliande.fr\/#\/schema\/logo\/image\/\",\"url\":\"http:\/\/www.kdanse-broceliande.fr\/wp-content\/uploads\/2022\/02\/Logo.png\",\"contentUrl\":\"http:\/\/www.kdanse-broceliande.fr\/wp-content\/uploads\/2022\/02\/Logo.png\",\"width\":259,\"height\":194,\"caption\":\"Kdanse Broc\u00e9liande\"},\"image\":{\"@id\":\"http:\/\/www.kdanse-broceliande.fr\/#\/schema\/logo\/image\/\"},\"sameAs\":[\"https:\/\/www.facebook.com\/kdanse.montfort.5\"]}]}<\/script>\n<!-- \/ Yoast SEO plugin. -->","yoast_head_json":{"title":"Notre \u00e9quipe - Kdanse Broc\u00e9liande","robots":{"index":"index","follow":"follow","max-snippet":"max-snippet:-1","max-image-preview":"max-image-preview:large","max-video-preview":"max-video-preview:-1"},"canonical":"http:\/\/www.kdanse-broceliande.fr\/index.php\/355-2\/","og_locale":"fr_FR","og_type":"article","og_title":"Notre \u00e9quipe - Kdanse Broc\u00e9liande","og_description":"Le bureau 2024\/2026: A l&rsquo;issue de l&rsquo;assembl\u00e9e g\u00e9n\u00e9rale qui s&rsquo;est d\u00e9roul\u00e9e le 2 juillet 2025 et \u00e0 la modification des statuts r\u00e9alis\u00e9e l&rsquo;an pass\u00e9. Le bureau ainsi que les membres du Comit\u00e9 d&rsquo;Administration restent inchang\u00e9s . Voici donc la composition pour la saison\u00a0 2025\/2026 PRESIDENTE:\u00a0 \u00a0 \u00a0 \u00a0 \u00a0 \u00a0 \u00a0 \u00a0 \u00a0 \u00a0 \u00a0&hellip; Poursuivre la lecture Notre \u00e9quipe","og_url":"http:\/\/www.kdanse-broceliande.fr\/index.php\/355-2\/","og_site_name":"Kdanse Broc\u00e9liande","article_publisher":"https:\/\/www.facebook.com\/kdanse.montfort.5","article_modified_time":"2025-07-05T16:05:02+00:00","og_image":[{"url":"http:\/\/www.kdanse-broceliande.fr\/wp-content\/uploads\/2024\/07\/Bureau-20242026-1024x576.jpg"}],"twitter_card":"summary_large_image","twitter_misc":{"Dur\u00e9e de lecture estim\u00e9e":"2 minutes"},"schema":{"@context":"https:\/\/schema.org","@graph":[{"@type":"WebPage","@id":"http:\/\/www.kdanse-broceliande.fr\/index.php\/355-2\/","url":"http:\/\/www.kdanse-broceliande.fr\/index.php\/355-2\/","name":"Notre \u00e9quipe - Kdanse Broc\u00e9liande","isPartOf":{"@id":"http:\/\/www.kdanse-broceliande.fr\/#website"},"datePublished":"2022-02-21T14:48:28+00:00","dateModified":"2025-07-05T16:05:02+00:00","breadcrumb":{"@id":"http:\/\/www.kdanse-broceliande.fr\/index.php\/355-2\/#breadcrumb"},"inLanguage":"fr-FR","potentialAction":[{"@type":"ReadAction","target":["http:\/\/www.kdanse-broceliande.fr\/index.php\/355-2\/"]}]},{"@type":"BreadcrumbList","@id":"http:\/\/www.kdanse-broceliande.fr\/index.php\/355-2\/#breadcrumb","itemListElement":[{"@type":"ListItem","position":1,"name":"Accueil","item":"https:\/\/www.kdanse-broceliande.fr\/"},{"@type":"ListItem","position":2,"name":"Notre \u00e9quipe"}]},{"@type":"WebSite","@id":"http:\/\/www.kdanse-broceliande.fr\/#website","url":"http:\/\/www.kdanse-broceliande.fr\/","name":"Kdanse Broc\u00e9liande","description":"Association de danse de Montfort-sur-Meu","publisher":{"@id":"http:\/\/www.kdanse-broceliande.fr\/#organization"},"potentialAction":[{"@type":"SearchAction","target":{"@type":"EntryPoint","urlTemplate":"http:\/\/www.kdanse-broceliande.fr\/?s={search_term_string}"},"query-input":"required name=search_term_string"}],"inLanguage":"fr-FR"},{"@type":"Organization","@id":"http:\/\/www.kdanse-broceliande.fr\/#organization","name":"Kdanse Broc\u00e9liande","url":"http:\/\/www.kdanse-broceliande.fr\/","logo":{"@type":"ImageObject","inLanguage":"fr-FR","@id":"http:\/\/www.kdanse-broceliande.fr\/#\/schema\/logo\/image\/","url":"http:\/\/www.kdanse-broceliande.fr\/wp-content\/uploads\/2022\/02\/Logo.png","contentUrl":"http:\/\/www.kdanse-broceliande.fr\/wp-content\/uploads\/2022\/02\/Logo.png","width":259,"height":194,"caption":"Kdanse Broc\u00e9liande"},"image":{"@id":"http:\/\/www.kdanse-broceliande.fr\/#\/schema\/logo\/image\/"},"sameAs":["https:\/\/www.facebook.com\/kdanse.montfort.5"]}]}},"_links":{"self":[{"href":"https:\/\/www.kdanse-broceliande.fr\/index.php\/wp-json\/wp\/v2\/pages\/355"}],"collection":[{"href":"https:\/\/www.kdanse-broceliande.fr\/index.php\/wp-json\/wp\/v2\/pages"}],"about":[{"href":"https:\/\/www.kdanse-broceliande.fr\/index.php\/wp-json\/wp\/v2\/types\/page"}],"author":[{"embeddable":true,"href":"https:\/\/www.kdanse-broceliande.fr\/index.php\/wp-json\/wp\/v2\/users\/1"}],"replies":[{"embeddable":true,"href":"https:\/\/www.kdanse-broceliande.fr\/index.php\/wp-json\/wp\/v2\/comments?post=355"}],"version-history":[{"count":185,"href":"https:\/\/www.kdanse-broceliande.fr\/index.php\/wp-json\/wp\/v2\/pages\/355\/revisions"}],"predecessor-version":[{"id":3583,"href":"https:\/\/www.kdanse-broceliande.fr\/index.php\/wp-json\/wp\/v2\/pages\/355\/revisions\/3583"}],"wp:attachment":[{"href":"https:\/\/www.kdanse-broceliande.fr\/index.php\/wp-json\/wp\/v2\/media?parent=355"}],"curies":[{"name":"wp","href":"https:\/\/api.w.org\/{rel}","templated":true}]}}